{"id":801,"date":"2025-05-06T08:34:20","date_gmt":"2025-05-06T08:34:20","guid":{"rendered":"https:\/\/parqueminho.org\/?page_id=801"},"modified":"2025-05-07T14:46:10","modified_gmt":"2025-05-07T14:46:10","slug":"publicacoes","status":"publish","type":"page","link":"https:\/\/parqueminho.org\/es\/publicacoes\/","title":{"rendered":"Publicaciones"},"content":{"rendered":"<div data-elementor-type=\"wp-page\" data-elementor-id=\"801\" class=\"elementor elementor-801\">\n\t\t\t\t<div class=\"elementor-element elementor-element-469fe49 e-flex e-con-boxed wpr-particle-no wpr-jarallax-no wpr-parallax-no wpr-sticky-section-no e-con e-parent\" data-id=\"469fe49\" data-element_type=\"container\">\n\t\t\t\t\t<div class=\"e-con-inner\">\n\t\t\t\t<div class=\"elementor-element elementor-element-1a2e687 elementor-widget elementor-widget-heading\" data-id=\"1a2e687\" data-element_type=\"widget\" data-widget_type=\"heading.default\">\n\t\t\t\t<div class=\"elementor-widget-container\">\n\t\t\t\t\t<h4 class=\"elementor-heading-title elementor-size-default\">Publicaciones del Parque Mi\u00f1o<\/h4>\t\t\t\t<\/div>\n\t\t\t\t<\/div>\n\t\t\t\t\t<\/div>\n\t\t\t\t<\/div>\n\t\t<div class=\"elementor-element elementor-element-6ce34b2 e-flex e-con-boxed wpr-particle-no wpr-jarallax-no wpr-parallax-no wpr-sticky-section-no e-con e-parent\" data-id=\"6ce34b2\" data-element_type=\"container\">\n\t\t\t\t\t<div class=\"e-con-inner\">\n\t\t<div class=\"elementor-element elementor-element-dd4b14e e-con-full e-flex wpr-particle-no wpr-jarallax-no wpr-parallax-no wpr-sticky-section-no e-con e-child\" data-id=\"dd4b14e\" data-element_type=\"container\">\n\t\t\t\t<div class=\"elementor-element elementor-element-a7f52a0 elementor-widget elementor-widget-text-editor\" data-id=\"a7f52a0\" data-element_type=\"widget\" data-widget_type=\"text-editor.default\">\n\t\t\t\t<div class=\"elementor-widget-container\">\n\t\t\t\t\t\t\t\t\t<p>Lu\u00eds Filipe Guerra<\/p>\t\t\t\t\t\t\t\t<\/div>\n\t\t\t\t<\/div>\n\t\t<div class=\"elementor-element elementor-element-fef257b e-grid e-con-full wpr-particle-no wpr-jarallax-no wpr-parallax-no wpr-sticky-section-no e-con e-child\" data-id=\"fef257b\" data-element_type=\"container\">\n\t\t\t\t<div class=\"elementor-element elementor-element-edf292d elementor-widget elementor-widget-shortcode\" data-id=\"edf292d\" data-element_type=\"widget\" data-widget_type=\"shortcode.default\">\n\t\t\t\t<div class=\"elementor-widget-container\">\n\t\t\t\t\t\t\t<div class=\"elementor-shortcode\"><a href=\"https:\/\/parqueminho.org\/es\/pdfviewer\/833\/\" target=\"_blank\" style=\"text-align:center; display: block\">\n\t\t\t<img decoding=\"async\" src=\"https:\/\/parqueminho.org\/wp-content\/uploads\/2025\/05\/PDFLogo.png\" class=\"pdf-viewer-image-link-single\" alt=\"Link in a PDF\" style=\"width:100%; height:auto\"> \n\t\t<\/a><\/div>\n\t\t\t\t\t\t<\/div>\n\t\t\t\t<\/div>\n\t\t\t\t<div class=\"elementor-element elementor-element-bfab5e6 elementor-widget elementor-widget-text-editor\" data-id=\"bfab5e6\" data-element_type=\"widget\" data-widget_type=\"text-editor.default\">\n\t\t\t\t<div class=\"elementor-widget-container\">\n\t\t\t\t\t\t\t\t\t<p><b>Unidade e contradi\u00e7\u00e3o nos modelos sociais<br \/>e estilos de vida contempor\u00e2neos<\/b><\/p>\t\t\t\t\t\t\t\t<\/div>\n\t\t\t\t<\/div>\n\t\t\t\t<\/div>\n\t\t\t\t<\/div>\n\t\t<div class=\"elementor-element elementor-element-37f18aa e-con-full e-flex wpr-particle-no wpr-jarallax-no wpr-parallax-no wpr-sticky-section-no e-con e-child\" data-id=\"37f18aa\" data-element_type=\"container\">\n\t\t\t\t<div class=\"elementor-element elementor-element-0eeca39 elementor-widget elementor-widget-text-editor\" data-id=\"0eeca39\" data-element_type=\"widget\" data-widget_type=\"text-editor.default\">\n\t\t\t\t<div class=\"elementor-widget-container\">\n\t\t\t\t\t\t\t\t\t<p>Lu\u00eds Filipe Guerra<\/p>\t\t\t\t\t\t\t\t<\/div>\n\t\t\t\t<\/div>\n\t\t<div class=\"elementor-element elementor-element-5ce4060 e-grid e-con-full wpr-particle-no wpr-jarallax-no wpr-parallax-no wpr-sticky-section-no e-con e-child\" data-id=\"5ce4060\" data-element_type=\"container\">\n\t\t\t\t<div class=\"elementor-element elementor-element-4bed691 elementor-widget elementor-widget-shortcode\" data-id=\"4bed691\" data-element_type=\"widget\" data-widget_type=\"shortcode.default\">\n\t\t\t\t<div class=\"elementor-widget-container\">\n\t\t\t\t\t\t\t<div class=\"elementor-shortcode\"><a href=\"https:\/\/parqueminho.org\/es\/pdfviewer\/886\/\" target=\"_blank\" style=\"text-align:center; display: block\">\n\t\t\t<img decoding=\"async\" src=\"https:\/\/parqueminho.org\/wp-content\/uploads\/2025\/05\/PDFLogo.png\" class=\"pdf-viewer-image-link-single\" alt=\"Link in a PDF\" style=\"width:100%; height:auto\"> \n\t\t<\/a><\/div>\n\t\t\t\t\t\t<\/div>\n\t\t\t\t<\/div>\n\t\t\t\t<div class=\"elementor-element elementor-element-1ef5ef7 elementor-widget elementor-widget-text-editor\" data-id=\"1ef5ef7\" data-element_type=\"widget\" data-widget_type=\"text-editor.default\">\n\t\t\t\t<div class=\"elementor-widget-container\">\n\t\t\t\t\t\t\t\t\t<p><b>Unidad y contradicci\u00f3n en los modelos sociales<br>y estilos de vida contempor\u00e1neos<\/b><\/p>\t\t\t\t\t\t\t\t<\/div>\n\t\t\t\t<\/div>\n\t\t\t\t<\/div>\n\t\t\t\t<\/div>\n\t\t<div class=\"elementor-element elementor-element-bfad4c4 e-con-full e-flex wpr-particle-no wpr-jarallax-no wpr-parallax-no wpr-sticky-section-no e-con e-child\" data-id=\"bfad4c4\" data-element_type=\"container\">\n\t\t\t\t<div class=\"elementor-element elementor-element-7a127a7 elementor-widget elementor-widget-text-editor\" data-id=\"7a127a7\" data-element_type=\"widget\" data-widget_type=\"text-editor.default\">\n\t\t\t\t<div class=\"elementor-widget-container\">\n\t\t\t\t\t\t\t\t\t<p>Lu\u00eds Filipe Guerra<\/p>\t\t\t\t\t\t\t\t<\/div>\n\t\t\t\t<\/div>\n\t\t<div class=\"elementor-element elementor-element-a38c520 e-grid e-con-full wpr-particle-no wpr-jarallax-no wpr-parallax-no wpr-sticky-section-no e-con e-child\" data-id=\"a38c520\" data-element_type=\"container\">\n\t\t\t\t<div class=\"elementor-element elementor-element-fb609dc elementor-widget elementor-widget-shortcode\" data-id=\"fb609dc\" data-element_type=\"widget\" data-widget_type=\"shortcode.default\">\n\t\t\t\t<div class=\"elementor-widget-container\">\n\t\t\t\t\t\t\t<div class=\"elementor-shortcode\"><a href=\"https:\/\/parqueminho.org\/es\/pdfviewer\/dependencia-culpa-e-futuro\/\" target=\"_blank\" style=\"text-align:center; display: block\">\n\t\t\t<img decoding=\"async\" src=\"https:\/\/parqueminho.org\/wp-content\/uploads\/2025\/05\/PDFLogo.png\" class=\"pdf-viewer-image-link-single\" alt=\"Link in a PDF\" style=\"width:100%; height:auto\"> \n\t\t<\/a><\/div>\n\t\t\t\t\t\t<\/div>\n\t\t\t\t<\/div>\n\t\t\t\t<div class=\"elementor-element elementor-element-ddfdcd0 elementor-widget elementor-widget-text-editor\" data-id=\"ddfdcd0\" data-element_type=\"widget\" data-widget_type=\"text-editor.default\">\n\t\t\t\t<div class=\"elementor-widget-container\">\n\t\t\t\t\t\t\t\t\t<p><b>Depend\u00eancia, culpa e futuro<\/b><\/p>\t\t\t\t\t\t\t\t<\/div>\n\t\t\t\t<\/div>\n\t\t\t\t<\/div>\n\t\t\t\t<\/div>\n\t\t<div class=\"elementor-element elementor-element-663b519 e-con-full e-flex wpr-particle-no wpr-jarallax-no wpr-parallax-no wpr-sticky-section-no e-con e-child\" data-id=\"663b519\" data-element_type=\"container\">\n\t\t\t\t<div class=\"elementor-element elementor-element-66b7e72 elementor-widget elementor-widget-text-editor\" data-id=\"66b7e72\" data-element_type=\"widget\" data-widget_type=\"text-editor.default\">\n\t\t\t\t<div class=\"elementor-widget-container\">\n\t\t\t\t\t\t\t\t\t<p>Lu\u00eds Filipe Guerra<\/p>\t\t\t\t\t\t\t\t<\/div>\n\t\t\t\t<\/div>\n\t\t<div class=\"elementor-element elementor-element-144dcf3 e-grid e-con-full wpr-particle-no wpr-jarallax-no wpr-parallax-no wpr-sticky-section-no e-con e-child\" data-id=\"144dcf3\" data-element_type=\"container\">\n\t\t\t\t<div class=\"elementor-element elementor-element-69a85d6 elementor-widget elementor-widget-shortcode\" data-id=\"69a85d6\" data-element_type=\"widget\" data-widget_type=\"shortcode.default\">\n\t\t\t\t<div class=\"elementor-widget-container\">\n\t\t\t\t\t\t\t<div class=\"elementor-shortcode\"><a href=\"https:\/\/parqueminho.org\/es\/pdfviewer\/bom-conhecimento-partilha\/\" target=\"_blank\" style=\"text-align:center; display: block\">\n\t\t\t<img decoding=\"async\" src=\"https:\/\/parqueminho.org\/wp-content\/uploads\/2025\/05\/PDFLogo.png\" class=\"pdf-viewer-image-link-single\" alt=\"Link in a PDF\" style=\"width:100%; height:auto\"> \n\t\t<\/a><\/div>\n\t\t\t\t\t\t<\/div>\n\t\t\t\t<\/div>\n\t\t\t\t<div class=\"elementor-element elementor-element-cda3f73 elementor-widget elementor-widget-text-editor\" data-id=\"cda3f73\" data-element_type=\"widget\" data-widget_type=\"text-editor.default\">\n\t\t\t\t<div class=\"elementor-widget-container\">\n\t\t\t\t\t\t\t\t\t<p><b>O Bom conhecimento partilha<\/b><\/p>\t\t\t\t\t\t\t\t<\/div>\n\t\t\t\t<\/div>\n\t\t\t\t<\/div>\n\t\t\t\t<\/div>\n\t\t<div class=\"elementor-element elementor-element-6860a9e e-con-full e-flex wpr-particle-no wpr-jarallax-no wpr-parallax-no wpr-sticky-section-no e-con e-child\" data-id=\"6860a9e\" data-element_type=\"container\">\n\t\t\t\t<div class=\"elementor-element elementor-element-c6857e8 elementor-widget elementor-widget-text-editor\" data-id=\"c6857e8\" data-element_type=\"widget\" data-widget_type=\"text-editor.default\">\n\t\t\t\t<div class=\"elementor-widget-container\">\n\t\t\t\t\t\t\t\t\t<p>Lu\u00eds Filipe Guerra<\/p>\t\t\t\t\t\t\t\t<\/div>\n\t\t\t\t<\/div>\n\t\t<div class=\"elementor-element elementor-element-176ebee e-grid e-con-full wpr-particle-no wpr-jarallax-no wpr-parallax-no wpr-sticky-section-no e-con e-child\" data-id=\"176ebee\" data-element_type=\"container\">\n\t\t\t\t<div class=\"elementor-element elementor-element-3556349 elementor-widget elementor-widget-shortcode\" data-id=\"3556349\" data-element_type=\"widget\" data-widget_type=\"shortcode.default\">\n\t\t\t\t<div class=\"elementor-widget-container\">\n\t\t\t\t\t\t\t<div class=\"elementor-shortcode\"><a href=\"https:\/\/parqueminho.org\/es\/pdfviewer\/buen-conocimiento-comparte\/\" target=\"_parent\" style=\"text-align:center; display: block\">\n\t\t\t<img decoding=\"async\" src=\"https:\/\/parqueminho.org\/wp-content\/uploads\/2025\/05\/PDFLogo.png\" class=\"pdf-viewer-image-link-single\" alt=\"Link in a PDF\" style=\"width:100%; height:auto\"> \n\t\t<\/a><\/div>\n\t\t\t\t\t\t<\/div>\n\t\t\t\t<\/div>\n\t\t\t\t<div class=\"elementor-element elementor-element-0e0d285 elementor-widget elementor-widget-text-editor\" data-id=\"0e0d285\" data-element_type=\"widget\" data-widget_type=\"text-editor.default\">\n\t\t\t\t<div class=\"elementor-widget-container\">\n\t\t\t\t\t\t\t\t\t<p><b>El Buen conocimiento comparte<\/b><\/p>\t\t\t\t\t\t\t\t<\/div>\n\t\t\t\t<\/div>\n\t\t\t\t<\/div>\n\t\t\t\t<\/div>\n\t\t\t\t\t<\/div>\n\t\t\t\t<\/div>\n\t\t\t\t<\/div>","protected":false},"excerpt":{"rendered":"<p>Publica\u00e7\u00f5es do Parque Minho Lu\u00eds Filipe Guerra Unidade e contradi\u00e7\u00e3o nos modelos sociaise estilos de vida contempor\u00e2neos Lu\u00eds Filipe Guerra Unidad y contradicci\u00f3n en los modelos socialesy estilos de vida contempor\u00e1neos Lu\u00eds Filipe Guerra Depend\u00eancia, culpa e futuro Lu\u00eds Filipe Guerra O Bom conhecimento partilha Lu\u00eds Filipe Guerra El Buen conocimiento comparte<\/p>","protected":false},"author":2,"featured_media":0,"parent":0,"menu_order":0,"comment_status":"closed","ping_status":"closed","template":"","meta":{"_uag_custom_page_level_css":"","site-sidebar-layout":"no-sidebar","site-content-layout":"","ast-site-content-layout":"full-width-container","site-content-style":"default","site-sidebar-style":"default","ast-global-header-display":"","ast-banner-title-visibility":"","ast-main-header-display":"","ast-hfb-above-header-display":"","ast-hfb-below-header-display":"","ast-hfb-mobile-header-display":"","site-post-title":"disabled","ast-breadcrumbs-content":"","ast-featured-img":"disabled","footer-sml-layout":"","theme-transparent-header-meta":"","adv-header-id-meta":"","stick-header-meta":"","header-above-stick-meta":"","header-main-stick-meta":"","header-below-stick-meta":"","astra-migrate-meta-layouts":"default","ast-page-background-enabled":"default","ast-page-background-meta":{"desktop":{"background-color":"var(--ast-global-color-4)","background-image":"","background-repeat":"repeat","background-position":"center center","background-size":"auto","background-attachment":"scroll","background-type":"","background-media":"","overlay-type":"","overlay-color":"","overlay-opacity":"","overlay-gradient":""},"tablet":{"background-color":"","background-image":"","background-repeat":"repeat","background-position":"center center","background-size":"auto","background-attachment":"scroll","background-type":"","background-media":"","overlay-type":"","overlay-color":"","overlay-opacity":"","overlay-gradient":""},"mobile":{"background-color":"","background-image":"","background-repeat":"repeat","background-position":"center center","background-size":"auto","background-attachment":"scroll","background-type":"","background-media":"","overlay-type":"","overlay-color":"","overlay-opacity":"","overlay-gradient":""}},"ast-content-background-meta":{"desktop":{"background-color":"var(--ast-global-color-5)","background-image":"","background-repeat":"repeat","background-position":"center center","background-size":"auto","background-attachment":"scroll","background-type":"","background-media":"","overlay-type":"","overlay-color":"","overlay-opacity":"","overlay-gradient":""},"tablet":{"background-color":"var(--ast-global-color-5)","background-image":"","background-repeat":"repeat","background-position":"center center","background-size":"auto","background-attachment":"scroll","background-type":"","background-media":"","overlay-type":"","overlay-color":"","overlay-opacity":"","overlay-gradient":""},"mobile":{"background-color":"var(--ast-global-color-5)","background-image":"","background-repeat":"repeat","background-position":"center center","background-size":"auto","background-attachment":"scroll","background-type":"","background-media":"","overlay-type":"","overlay-color":"","overlay-opacity":"","overlay-gradient":""}},"footnotes":""},"class_list":["post-801","page","type-page","status-publish","hentry"],"uagb_featured_image_src":{"full":false,"thumbnail":false,"medium":false,"medium_large":false,"large":false,"1536x1536":false,"2048x2048":false,"trp-custom-language-flag":false},"uagb_author_info":{"display_name":"Parque Minho","author_link":"https:\/\/parqueminho.org\/es\/author\/parque-minho\/"},"uagb_comment_info":0,"uagb_excerpt":"Publica\u00e7\u00f5es do Parque Minho Lu\u00eds Filipe Guerra Unidade e contradi\u00e7\u00e3o nos modelos sociaise estilos de vida contempor\u00e2neos Lu\u00eds Filipe Guerra Unidad y contradicci\u00f3n en los modelos socialesy estilos de vida contempor\u00e1neos Lu\u00eds Filipe Guerra Depend\u00eancia, culpa e futuro Lu\u00eds Filipe Guerra O Bom conhecimento partilha Lu\u00eds Filipe Guerra El Buen conocimiento comparte","_links":{"self":[{"href":"https:\/\/parqueminho.org\/es\/wp-json\/wp\/v2\/pages\/801","targetHints":{"allow":["GET"]}}],"collection":[{"href":"https:\/\/parqueminho.org\/es\/wp-json\/wp\/v2\/pages"}],"about":[{"href":"https:\/\/parqueminho.org\/es\/wp-json\/wp\/v2\/types\/page"}],"author":[{"embeddable":true,"href":"https:\/\/parqueminho.org\/es\/wp-json\/wp\/v2\/users\/2"}],"replies":[{"embeddable":true,"href":"https:\/\/parqueminho.org\/es\/wp-json\/wp\/v2\/comments?post=801"}],"version-history":[{"count":85,"href":"https:\/\/parqueminho.org\/es\/wp-json\/wp\/v2\/pages\/801\/revisions"}],"predecessor-version":[{"id":942,"href":"https:\/\/parqueminho.org\/es\/wp-json\/wp\/v2\/pages\/801\/revisions\/942"}],"wp:attachment":[{"href":"https:\/\/parqueminho.org\/es\/wp-json\/wp\/v2\/media?parent=801"}],"curies":[{"name":"wp","href":"https:\/\/api.w.org\/{rel}","templated":true}]}}