{"id":220,"date":"2024-12-05T15:27:11","date_gmt":"2024-12-05T15:27:11","guid":{"rendered":"https:\/\/parqueminho.org\/?page_id=220"},"modified":"2025-04-03T12:07:36","modified_gmt":"2025-04-03T12:07:36","slug":"o-parque","status":"publish","type":"page","link":"https:\/\/parqueminho.org\/es\/o-parque\/","title":{"rendered":"El Parque"},"content":{"rendered":"<div class=\"wp-block-uagb-container uagb-block-ded6786f alignwide uagb-is-root-container\">\n<div class=\"wp-block-uagb-container uagb-block-069e60d9\">\n<div class=\"wp-block-uagb-info-box uagb-block-c417e921 uagb-infobox__content-wrap  uagb-infobox-icon-above-title uagb-infobox-image-valign-top\"><div class=\"uagb-ifb-content\"><div class=\"uagb-ifb-title-wrap\"><h3 class=\"uagb-ifb-title\">Los Parques de Estudio y Reflexi\u00f3n<\/h3><\/div><p class=\"uagb-ifb-desc\">Los Parques de Estudio y Reflexi\u00f3n son lugares construidos en varios sitios del mundo, dedicados al estudio y la reflexi\u00f3n sobre el ser humano y sus posibilidades evolutivas, a la comprensi\u00f3n de la ra\u00edz del sufrimiento y de las formas de superarlo. El estudio y la reflexi\u00f3n acompa\u00f1an e inspiran la actividad social de quienes construyen estos Parques: miembros de la Escuela Silo\u00edsta, participantes del Humanismo Universalista y del Mensaje de Silo, as\u00ed como muchos amigos y simpatizantes.<br><br>Son lugares de encuentro y difusi\u00f3n de una nueva espiritualidad que rechaza toda forma de violencia y discriminaci\u00f3n, y que apela a la dimensi\u00f3n sagrada de la mente humana para encontrar libertad y sentido. Cualquier ser humano, independientemente de sus creencias, puede participar en este camino experiencial, que une a las personas al mismo tiempo que valora la diversidad.<br><br>En los Parques realizamos talleres, retiros, reuniones, celebraciones, ceremonias y actividades que permiten establecer lazos entre las personas y entre cada individuo y la profundidad de su conciencia. Adem\u00e1s, estas actividades ayudan a avanzar en la construcci\u00f3n de un mundo m\u00e1s humano y libre de violencia. Es un espacio abierto a todos aquellos que deseen construir este lugar sagrado con nosotros, participar en una actividad o proponer y ayudar a organizar actividades que sigan la misma direcci\u00f3n humanizadora.<\/p><\/div><\/div>\n<\/div>\n<\/div>\n\n\n\n<div class=\"wp-block-uagb-container uagb-block-2cc30511 alignfull uagb-is-root-container\"><div class=\"uagb-container-inner-blocks-wrap\">\n<div class=\"wp-block-uagb-info-box uagb-block-53f846c8 uagb-infobox__content-wrap  uagb-infobox-icon-above-title uagb-infobox-image-valign-top wp-block-uagb-info-box--has-margin\"><div class=\"uagb-infobox-margin-wrapper\"><div class=\"uagb-ifb-content\"><div class=\"uagb-ifb-title-wrap\"><h2 class=\"uagb-ifb-title\">Elementos del Parque<br><\/h2><\/div><p class=\"uagb-ifb-desc\">En los diversos Parques, presentes en los cinco continentes, se pueden encontrar los siguientes elementos en com\u00fan.<\/p><\/div><\/div><\/div>\n<\/div><\/div>\n\n\n\n<div class=\"wp-block-uagb-container uagb-block-pfafz7hw alignfull uagb-is-root-container\"><div class=\"uagb-container-inner-blocks-wrap\">\n<div class=\"wp-block-uagb-container uagb-block-q0lxcjvb\">\n<div class=\"wp-block-uagb-image alignleft uagb-block-rck1u1d0 wp-block-uagb-image--layout-default wp-block-uagb-image--effect-static wp-block-uagb-image--align-left\"><figure class=\"wp-block-uagb-image__figure\"><img loading=\"lazy\" decoding=\"async\" srcset=\"https:\/\/parqueminho.org\/wp-content\/uploads\/2024\/12\/2014-9-14.jpg ,https:\/\/parqueminho.org\/wp-content\/uploads\/2024\/12\/2014-9-14.jpg 780w, https:\/\/parqueminho.org\/wp-content\/uploads\/2024\/12\/2014-9-14.jpg 360w\" sizes=\"auto, (max-width: 480px) 150px\" src=\"https:\/\/parqueminho.org\/wp-content\/uploads\/2024\/12\/2014-9-14.jpg\" alt=\"\" class=\"uag-image-225\" width=\"485\" height=\"400\" title=\"2014-9-14\" role=\"img\"\/><\/figure><\/div>\n\n\n\n<div class=\"wp-block-uagb-info-box uagb-block-nffufuov uagb-infobox__content-wrap  uagb-infobox-icon-above-title uagb-infobox-image-valign-top wp-block-uagb-info-box--has-margin\"><div class=\"uagb-infobox-margin-wrapper\"><div class=\"uagb-ifb-content\"><div class=\"uagb-ifb-title-wrap\"><h3 class=\"uagb-ifb-title\">El Portal<\/h3><\/div><p class=\"uagb-ifb-desc\">Marca o limite entre a externalidade do mundo e a interioridade do ser humano, procurando produzir uma mudan\u00e7a no estado interno de cada pessoa que entra neste lugar. \u00c9 inspirado nos portais torii dos santu\u00e1rios xintoistas. Elevam-se indicando uma possibilidade; convidam a superar um limite, a atravessar o umbral para entrar noutros espa\u00e7os e tempos mentais.<\/p><\/div><\/div><\/div>\n<\/div>\n\n\n\n<div class=\"wp-block-uagb-container uagb-block-i15tsn6j\">\n<div class=\"wp-block-uagb-info-box uagb-block-uzcomq42 uagb-infobox__content-wrap  uagb-infobox-icon-above-title uagb-infobox-image-valign-top wp-block-uagb-info-box--has-margin\"><div class=\"uagb-infobox-margin-wrapper\"><div class=\"uagb-ifb-content\"><div class=\"uagb-ifb-title-wrap\"><h3 class=\"uagb-ifb-title\">El Monolito<\/h3><\/div><p class=\"uagb-ifb-desc\">Desde la antig\u00fcedad estas formas se incluyen en las llamadas \"ejes del mundo\" ya que conectan el cielo y la tierra. Construido completamente en acero inoxidable para reflejar la \u00e9poca actual, fija la coordenada del tiempo en que se fund\u00f3 este lugar y permite la alineaci\u00f3n del espacio.<\/p><\/div><\/div><\/div>\n\n\n\n<div class=\"wp-block-uagb-image alignleft uagb-block-cjhws72z wp-block-uagb-image--layout-default wp-block-uagb-image--effect-static wp-block-uagb-image--align-left\"><figure class=\"wp-block-uagb-image__figure\"><img loading=\"lazy\" decoding=\"async\" srcset=\"https:\/\/parqueminho.org\/wp-content\/uploads\/2024\/12\/monolito.jpg ,https:\/\/parqueminho.org\/wp-content\/uploads\/2024\/12\/monolito.jpg 780w, https:\/\/parqueminho.org\/wp-content\/uploads\/2024\/12\/monolito.jpg 360w\" sizes=\"auto, (max-width: 480px) 150px\" src=\"https:\/\/parqueminho.org\/wp-content\/uploads\/2024\/12\/monolito.jpg\" alt=\"\" class=\"uag-image-228\" width=\"549\" height=\"391\" title=\"monolito\" role=\"img\"\/><\/figure><\/div>\n<\/div>\n\n\n\n<div class=\"wp-block-uagb-container uagb-block-z71uspp6\">\n<div class=\"wp-block-uagb-image alignleft uagb-block-sypvtpgs wp-block-uagb-image--layout-default wp-block-uagb-image--effect-static wp-block-uagb-image--align-left\"><figure class=\"wp-block-uagb-image__figure\"><img loading=\"lazy\" decoding=\"async\" srcset=\"https:\/\/parqueminho.org\/wp-content\/uploads\/2024\/12\/asala.jpg ,https:\/\/parqueminho.org\/wp-content\/uploads\/2024\/12\/asala.jpg 780w, https:\/\/parqueminho.org\/wp-content\/uploads\/2024\/12\/asala.jpg 360w\" sizes=\"auto, (max-width: 480px) 150px\" src=\"https:\/\/parqueminho.org\/wp-content\/uploads\/2024\/12\/asala.jpg\" alt=\"\" class=\"uag-image-237\" width=\"564\" height=\"400\" title=\"asala\" role=\"img\"\/><\/figure><\/div>\n\n\n\n<div class=\"wp-block-uagb-info-box uagb-block-dygg89yx uagb-infobox__content-wrap  uagb-infobox-icon-above-title uagb-infobox-image-valign-top wp-block-uagb-info-box--has-margin\"><div class=\"uagb-infobox-margin-wrapper\"><div class=\"uagb-ifb-content\"><div class=\"uagb-ifb-title-wrap\"><h3 class=\"uagb-ifb-title\">La Sala<\/h3><\/div><p class=\"uagb-ifb-desc\">As nossas salas s\u00e3o abertas, vazias e sem \u00edcones, imagens ou s\u00edmbolos. A sala de medita\u00e7\u00e3o \u00e9 um lugar dispon\u00edvel para ser \u201cpreenchido\u201d pelas pessoas. Externamente, procura-se elevar os olhos para cima, sem interrup\u00e7\u00f5es. Interiormente, \u00e9 um espa\u00e7o semiesf\u00e9rico vazio, no qual as pessoas se colocam de forma circular e conc\u00eantrica, todos ao mesmo n\u00edvel. A forma esf\u00e9rica da sala leva as pessoas a sentir-se inclu\u00eddas nela e experimentar uma conex\u00e3o profunda consigo mesmas.<\/p><\/div><\/div><\/div>\n<\/div>\n\n\n\n<div class=\"wp-block-uagb-container uagb-block-ced459f7\">\n<div class=\"wp-block-uagb-info-box uagb-block-eaa91381 uagb-infobox__content-wrap  uagb-infobox-icon-above-title uagb-infobox-image-valign-top wp-block-uagb-info-box--has-margin\"><div class=\"uagb-infobox-margin-wrapper\"><div class=\"uagb-ifb-content\"><div class=\"uagb-ifb-title-wrap\"><h3 class=\"uagb-ifb-title\">El Centro de Trabajo<\/h3><\/div><p class=\"uagb-ifb-desc\">\u00c9 o lugar para a reflex\u00e3o pessoal e para a troca de experi\u00eancias em grupos, longe do ru\u00eddo quotidiano. Uma pessoa ou um grupo pode vir por um ou v\u00e1rios dias para estudar e inspirar-se. Os humanistas e mensageiros organizam os seus encontros nesse espa\u00e7o, onde se realizam eventos, semin\u00e1rios, retiros e interc\u00e2mbios.<\/p><\/div><\/div><\/div>\n\n\n\n<div class=\"wp-block-uagb-image alignleft uagb-block-a3ac310e wp-block-uagb-image--layout-default wp-block-uagb-image--effect-static wp-block-uagb-image--align-left\"><figure class=\"wp-block-uagb-image__figure\"><img loading=\"lazy\" decoding=\"async\" srcset=\"https:\/\/parqueminho.org\/wp-content\/uploads\/2024\/12\/cdt.jpg ,https:\/\/parqueminho.org\/wp-content\/uploads\/2024\/12\/cdt.jpg 780w, https:\/\/parqueminho.org\/wp-content\/uploads\/2024\/12\/cdt.jpg 360w\" sizes=\"auto, (max-width: 480px) 150px\" src=\"https:\/\/parqueminho.org\/wp-content\/uploads\/2024\/12\/cdt.jpg\" alt=\"\" class=\"uag-image-241\" width=\"549\" height=\"391\" title=\"cdt\" role=\"img\"\/><\/figure><\/div>\n<\/div>\n\n\n\n<div class=\"wp-block-uagb-container uagb-block-134f28a3\">\n<div class=\"wp-block-uagb-image alignleft uagb-block-1049d2a4 wp-block-uagb-image--layout-default wp-block-uagb-image--effect-static wp-block-uagb-image--align-left\"><figure class=\"wp-block-uagb-image__figure\"><img loading=\"lazy\" decoding=\"async\" srcset=\"https:\/\/parqueminho.org\/wp-content\/uploads\/2024\/12\/43329926792_e9e098bfea_b-1.jpg ,https:\/\/parqueminho.org\/wp-content\/uploads\/2024\/12\/43329926792_e9e098bfea_b-1.jpg 780w, https:\/\/parqueminho.org\/wp-content\/uploads\/2024\/12\/43329926792_e9e098bfea_b-1.jpg 360w\" sizes=\"auto, (max-width: 480px) 150px\" src=\"https:\/\/parqueminho.org\/wp-content\/uploads\/2024\/12\/43329926792_e9e098bfea_b-1.jpg\" alt=\"\" class=\"uag-image-210\" width=\"564\" height=\"400\" title=\"43329926792_e9e098bfea_b\" role=\"img\"\/><\/figure><\/div>\n\n\n\n<div class=\"wp-block-uagb-info-box uagb-block-6a0ca3cc uagb-infobox__content-wrap  uagb-infobox-icon-above-title uagb-infobox-image-valign-top wp-block-uagb-info-box--has-margin\"><div class=\"uagb-infobox-margin-wrapper\"><div class=\"uagb-ifb-content\"><div class=\"uagb-ifb-title-wrap\"><h3 class=\"uagb-ifb-title\">La Fuente<\/h3><\/div><p class=\"uagb-ifb-desc\">As fontes dos Parques de Estudo e Reflex\u00e3o inspiram-se nas formas do yoni-lingam da \u00cdndia, que representa a uni\u00e3o sexual feminina e masculina. O Tantra v\u00ea no yoni-lingam a representa\u00e7\u00e3o suprema do que h\u00e1 de Deus em n\u00f3s, a energia criativa que se manifesta no pensamento e na capacidade de criar vida.<\/p><\/div><\/div><\/div>\n<\/div>\n\n\n\n<div class=\"wp-block-uagb-container uagb-block-dde68e9b\">\n<div class=\"wp-block-uagb-info-box uagb-block-f539b0e9 uagb-infobox__content-wrap  uagb-infobox-icon-above-title uagb-infobox-image-valign-top wp-block-uagb-info-box--has-margin\"><div class=\"uagb-infobox-margin-wrapper\"><div class=\"uagb-ifb-content\"><div class=\"uagb-ifb-title-wrap\"><h3 class=\"uagb-ifb-title\">La Estela<\/h3><\/div><p class=\"uagb-ifb-desc\">En las distintas latitudes y momentos hist\u00f3ricos, las estelas fueron testigos de acontecimientos hist\u00f3ricos significativos para la \u00e9poca en que fueron construidas. As\u00ed encontramos, por ejemplo, las estelas mesopot\u00e1micas, egipcias, sumerias o mayas. En los Parques de estudio y reflexi\u00f3n las estelas contienen los nombres, grabados en acero inoxidable, de las personas que contribuyeron para la construcci\u00f3n del Parque.<\/p><\/div><\/div><\/div>\n\n\n\n<div class=\"wp-block-uagb-image alignleft uagb-block-65be7022 wp-block-uagb-image--layout-default wp-block-uagb-image--effect-static wp-block-uagb-image--align-left\"><figure class=\"wp-block-uagb-image__figure\"><img loading=\"lazy\" decoding=\"async\" srcset=\"https:\/\/parqueminho.org\/wp-content\/uploads\/2024\/12\/estela.jpg ,https:\/\/parqueminho.org\/wp-content\/uploads\/2024\/12\/estela.jpg 780w, https:\/\/parqueminho.org\/wp-content\/uploads\/2024\/12\/estela.jpg 360w\" sizes=\"auto, (max-width: 480px) 150px\" src=\"https:\/\/parqueminho.org\/wp-content\/uploads\/2024\/12\/estela.jpg\" alt=\"\" class=\"uag-image-247\" width=\"549\" height=\"391\" title=\"estela\" role=\"img\"\/><\/figure><\/div>\n<\/div>\n\n\n\n<div class=\"wp-block-uagb-container uagb-block-1417a397\">\n<div class=\"wp-block-uagb-image alignleft uagb-block-6b16508e wp-block-uagb-image--layout-default wp-block-uagb-image--effect-static wp-block-uagb-image--align-left\"><figure class=\"wp-block-uagb-image__figure\"><img loading=\"lazy\" decoding=\"async\" srcset=\"https:\/\/parqueminho.org\/wp-content\/uploads\/2024\/12\/DSC_1454.jpg ,https:\/\/parqueminho.org\/wp-content\/uploads\/2024\/12\/DSC_1454.jpg 780w, https:\/\/parqueminho.org\/wp-content\/uploads\/2024\/12\/DSC_1454.jpg 360w\" sizes=\"auto, (max-width: 480px) 150px\" src=\"https:\/\/parqueminho.org\/wp-content\/uploads\/2024\/12\/DSC_1454.jpg\" alt=\"\" class=\"uag-image-248\" width=\"564\" height=\"400\" title=\"DSC_1454\" role=\"img\"\/><\/figure><\/div>\n\n\n\n<div class=\"wp-block-uagb-info-box uagb-block-566f73e4 uagb-infobox__content-wrap  uagb-infobox-icon-above-title uagb-infobox-image-valign-top wp-block-uagb-info-box--has-margin\"><div class=\"uagb-infobox-margin-wrapper\"><div class=\"uagb-ifb-content\"><div class=\"uagb-ifb-title-wrap\"><h3 class=\"uagb-ifb-title\">El Taller<\/h3><\/div><p class=\"uagb-ifb-desc\">Equipada para las pr\u00e1cticas de los oficios: conservaci\u00f3n y producci\u00f3n del fuego, pr\u00e1cticas con materias fr\u00edas y trabajos con barro cocido, cer\u00e1mica, metales y vidrio.<\/p><\/div><\/div><\/div>\n<\/div>\n\n\n\n<div class=\"wp-block-uagb-container uagb-block-e67e3cf7\">\n<div class=\"wp-block-uagb-info-box uagb-block-f8382f7a uagb-infobox__content-wrap  uagb-infobox-icon-above-title uagb-infobox-image-valign-top wp-block-uagb-info-box--has-margin\"><div class=\"uagb-infobox-margin-wrapper\"><div class=\"uagb-ifb-content\"><div class=\"uagb-ifb-title-wrap\"><h3 class=\"uagb-ifb-title\">El Centro de Estudios<\/h3><\/div><p class=\"uagb-ifb-desc\">Es el centro de gravedad de los maestros de escuela que velan por el desarrollo de los parques. Son lugares de inspiraci\u00f3n, donde se encuentran las mejores condiciones para profundizar en la investigaci\u00f3n y meditaci\u00f3n.<\/p><\/div><\/div><\/div>\n\n\n\n<div class=\"wp-block-uagb-image alignleft uagb-block-041f1053 wp-block-uagb-image--layout-default wp-block-uagb-image--effect-static wp-block-uagb-image--align-left\"><figure class=\"wp-block-uagb-image__figure\"><img loading=\"lazy\" decoding=\"async\" srcset=\"https:\/\/parqueminho.org\/wp-content\/uploads\/2025\/03\/IMG-20250331-WA0009-1024x575.jpg ,https:\/\/parqueminho.org\/wp-content\/uploads\/2025\/03\/IMG-20250331-WA0009.jpg 780w, https:\/\/parqueminho.org\/wp-content\/uploads\/2025\/03\/IMG-20250331-WA0009.jpg 360w\" sizes=\"auto, (max-width: 480px) 150px\" src=\"https:\/\/parqueminho.org\/wp-content\/uploads\/2025\/03\/IMG-20250331-WA0009-1024x575.jpg\" alt=\"\" class=\"uag-image-663\" width=\"549\" height=\"391\" title=\"IMG-20250331-WA0009\" role=\"img\"\/><\/figure><\/div>\n<\/div>\n<\/div><\/div>","protected":false},"excerpt":{"rendered":"","protected":false},"author":1,"featured_media":0,"parent":0,"menu_order":0,"comment_status":"closed","ping_status":"closed","template":"","meta":{"_uag_custom_page_level_css":"","site-sidebar-layout":"default","site-content-layout":"","ast-site-content-layout":"","site-content-style":"default","site-sidebar-style":"default","ast-global-header-display":"","ast-banner-title-visibility":"","ast-main-header-display":"","ast-hfb-above-header-display":"","ast-hfb-below-header-display":"","ast-hfb-mobile-header-display":"","site-post-title":"disabled","ast-breadcrumbs-content":"","ast-featured-img":"","footer-sml-layout":"","theme-transparent-header-meta":"","adv-header-id-meta":"","stick-header-meta":"","header-above-stick-meta":"","header-main-stick-meta":"","header-below-stick-meta":"","astra-migrate-meta-layouts":"default","ast-page-background-enabled":"default","ast-page-background-meta":{"desktop":{"background-color":"var(--ast-global-color-4)","background-image":"","background-repeat":"repeat","background-position":"center center","background-size":"auto","background-attachment":"scroll","background-type":"","background-media":"","overlay-type":"","overlay-color":"","overlay-opacity":"","overlay-gradient":""},"tablet":{"background-color":"","background-image":"","background-repeat":"repeat","background-position":"center center","background-size":"auto","background-attachment":"scroll","background-type":"","background-media":"","overlay-type":"","overlay-color":"","overlay-opacity":"","overlay-gradient":""},"mobile":{"background-color":"","background-image":"","background-repeat":"repeat","background-position":"center center","background-size":"auto","background-attachment":"scroll","background-type":"","background-media":"","overlay-type":"","overlay-color":"","overlay-opacity":"","overlay-gradient":""}},"ast-content-background-meta":{"desktop":{"background-color":"var(--ast-global-color-5)","background-image":"","background-repeat":"repeat","background-position":"center center","background-size":"auto","background-attachment":"scroll","background-type":"","background-media":"","overlay-type":"","overlay-color":"","overlay-opacity":"","overlay-gradient":""},"tablet":{"background-color":"var(--ast-global-color-5)","background-image":"","background-repeat":"repeat","background-position":"center center","background-size":"auto","background-attachment":"scroll","background-type":"","background-media":"","overlay-type":"","overlay-color":"","overlay-opacity":"","overlay-gradient":""},"mobile":{"background-color":"var(--ast-global-color-5)","background-image":"","background-repeat":"repeat","background-position":"center center","background-size":"auto","background-attachment":"scroll","background-type":"","background-media":"","overlay-type":"","overlay-color":"","overlay-opacity":"","overlay-gradient":""}},"footnotes":""},"class_list":["post-220","page","type-page","status-publish","hentry"],"uagb_featured_image_src":{"full":false,"thumbnail":false,"medium":false,"medium_large":false,"large":false,"1536x1536":false,"2048x2048":false,"trp-custom-language-flag":false},"uagb_author_info":{"display_name":"igoradmin","author_link":"https:\/\/parqueminho.org\/es\/author\/igoradmin\/"},"uagb_comment_info":0,"uagb_excerpt":null,"_links":{"self":[{"href":"https:\/\/parqueminho.org\/es\/wp-json\/wp\/v2\/pages\/220","targetHints":{"allow":["GET"]}}],"collection":[{"href":"https:\/\/parqueminho.org\/es\/wp-json\/wp\/v2\/pages"}],"about":[{"href":"https:\/\/parqueminho.org\/es\/wp-json\/wp\/v2\/types\/page"}],"author":[{"embeddable":true,"href":"https:\/\/parqueminho.org\/es\/wp-json\/wp\/v2\/users\/1"}],"replies":[{"embeddable":true,"href":"https:\/\/parqueminho.org\/es\/wp-json\/wp\/v2\/comments?post=220"}],"version-history":[{"count":23,"href":"https:\/\/parqueminho.org\/es\/wp-json\/wp\/v2\/pages\/220\/revisions"}],"predecessor-version":[{"id":700,"href":"https:\/\/parqueminho.org\/es\/wp-json\/wp\/v2\/pages\/220\/revisions\/700"}],"wp:attachment":[{"href":"https:\/\/parqueminho.org\/es\/wp-json\/wp\/v2\/media?parent=220"}],"curies":[{"name":"wp","href":"https:\/\/api.w.org\/{rel}","templated":true}]}}